{"id":170,"date":"2022-01-16T23:49:36","date_gmt":"2022-01-16T23:49:36","guid":{"rendered":"http:\/\/vadaszturistacentrum.hu\/?page_id=170"},"modified":"2023-07-20T11:53:49","modified_gmt":"2023-07-20T11:53:49","slug":"hirek-esemenyek","status":"publish","type":"page","link":"http:\/\/vadaszturistacentrum.hu\/?page_id=170","title":{"rendered":"K\u00e9p gal\u00e9ria"},"content":{"rendered":"\t\t<!-- printing filters start-->\n\t\t\t\t<div class=\"row\">\n\t\t\t<div class=\"my-1 ufg-filters\">\n\t\t\t\t<div class='ufg-parent-filters'><div class='col-md-12 my-2'><button id='1evel1-all' class='ufg-all-filter-button ufg-parent-filters ufg-all-filter btn btn-sm btn-danger all mb-3 mr-2' onclick='return filter(this.id, this.value)' value='all'> Mind (9)<\/button><button id='1evel1-rendezv\u00e9nyek-0' class='ufg-parent-filter-button ufg-parent-filters btn btn-sm btn-primary  mb-3 mr-2 rendezv\u00e9nyek-0' onclick='return filter(this.id, this.value)' value='rendezv\u00e9nyek-0'> Rendezv\u00e9nyek<\/button><button id='1evel1-kert-1' class='ufg-parent-filter-button ufg-parent-filters btn btn-sm btn-primary  mb-3 mr-2 kert-1' onclick='return filter(this.id, this.value)' value='kert-1'> Kert<\/button><button id='1evel1-k\u00f6rny\u00e9k-2' class='ufg-parent-filter-button ufg-parent-filters btn btn-sm btn-primary  mb-3 mr-2 k\u00f6rny\u00e9k-2' onclick='return filter(this.id, this.value)' value='k\u00f6rny\u00e9k-2'> K\u00f6rny\u00e9k<\/button><button id='1evel1-sz\u00e1ll\u00e1s-3' class='ufg-parent-filter-button ufg-parent-filters btn btn-sm btn-primary  mb-3 mr-2 sz\u00e1ll\u00e1s-3' onclick='return filter(this.id, this.value)' value='sz\u00e1ll\u00e1s-3'> Sz\u00e1ll\u00e1s<\/button><\/div><\/div>\t\t\t<\/div>\n\t\t<\/div>\n\t\t\t\t<!-- printing filters end-->\n\t\t\n\t\t\n\t\t<input id=\"ufg_current_clicked_filter_id\" name=\"ufg_current_clicked_filter_id\" value=\"\" class=\"d-none\" placeholder=\"Current Filter\">\n\t\t<input id=\"ufg_current_clicked_filter_level\" name=\"ufg_current_clicked_filter_level\" value=\"\" class=\"d-none\" placeholder=\"Current Level\">\n\t\t<input id=\"ufg_last_clicked_filter_id\" name=\"ufg_last_clicked_filter_id\" value=\"\" class=\"d-none\" placeholder=\"Last Filter\">\n\t\t<input id=\"ufg_last_clicked_filter_level\" name=\"ufg_last_clicked_filter_level\" value=\"\" class=\"d-none\" placeholder=\"Last Level\">\n\t\t<input id=\"ufg_current_clicked_parent_filter_id\" name=\"ufg_current_clicked_parent_filter_id\" value=\"\" class=\"d-none\" placeholder=\"Current Parent Filter\">\n\t\t<input id=\"ufg_last_clicked_filter_parent_id\" name=\"ufg_last_clicked_filter_parent_id\" value=\"\" class=\"d-none\" placeholder=\"Last Parent Filter\">\n\t\t\n\t\t<!-- printing gallery start-->\n\t\t<div class=\"row ufg-gallery\">\n\t\t\t\t\t\t\n\t\t\t<div id=\"ufg-thumbnail\" class=\"col-6 col-sm-4 col-md-4 col-lg-4 mb-4 sz\u00e1ll\u00e1s-3\">\n\t\t\t\t<div class=\"ufg-thumbnail-border\">\n\t\t\t\t\t\t\t\t\t\t<a href=\"http:\/\/vadaszturistacentrum.hu\/wp-content\/uploads\/2023\/07\/IMG20230707144037-scaled.jpg\" class=\"ufg-lightbox sz\u00e1ll\u00e1s-3\" data-title=\"Teraszok\" data-lightbox=\"ufg-lightbox\" data-alt=\"\" rel=\"lightbox[170]\">\n\t\t\t\t\t\t<img src=\"http:\/\/vadaszturistacentrum.hu\/wp-content\/uploads\/2023\/07\/IMG20230707144037-1024x577.jpg\" class=\"ufg-thumbnail-img img-fluid mx-auto d-block\" alt=\"\">\n\t\t\t\t\t<\/a>\n\t\t\t\t\t\t\t\t\t\t<div class=\"ufg-image-content\">\n\t\t\t\t\t\t\t\t\t\t\t<\/div>\n\t\t\t\t<\/div>\n\t\t\t<\/div>\n\t\t\t\t\t\t\n\t\t\t<div id=\"ufg-thumbnail\" class=\"col-6 col-sm-4 col-md-4 col-lg-4 mb-4 sz\u00e1ll\u00e1s-3\">\n\t\t\t\t<div class=\"ufg-thumbnail-border\">\n\t\t\t\t\t\t\t\t\t\t<a href=\"http:\/\/vadaszturistacentrum.hu\/wp-content\/uploads\/2023\/07\/IMG20230707144027-scaled.jpg\" class=\"ufg-lightbox sz\u00e1ll\u00e1s-3\" data-title=\"Terasz\" data-lightbox=\"ufg-lightbox\" data-alt=\"\" rel=\"lightbox[170]\">\n\t\t\t\t\t\t<img src=\"http:\/\/vadaszturistacentrum.hu\/wp-content\/uploads\/2023\/07\/IMG20230707144027-1024x577.jpg\" class=\"ufg-thumbnail-img img-fluid mx-auto d-block\" alt=\"\">\n\t\t\t\t\t<\/a>\n\t\t\t\t\t\t\t\t\t\t<div class=\"ufg-image-content\">\n\t\t\t\t\t\t\t\t\t\t\t<\/div>\n\t\t\t\t<\/div>\n\t\t\t<\/div>\n\t\t\t\t\t\t\n\t\t\t<div id=\"ufg-thumbnail\" class=\"col-6 col-sm-4 col-md-4 col-lg-4 mb-4 kert-1\">\n\t\t\t\t<div class=\"ufg-thumbnail-border\">\n\t\t\t\t\t\t\t\t\t\t<a href=\"http:\/\/vadaszturistacentrum.hu\/wp-content\/uploads\/2023\/07\/IMG20230707143253-scaled.jpg\" class=\"ufg-lightbox kert-1\" data-title=\"Udvar\" data-lightbox=\"ufg-lightbox\" data-alt=\"\" rel=\"lightbox[170]\">\n\t\t\t\t\t\t<img src=\"http:\/\/vadaszturistacentrum.hu\/wp-content\/uploads\/2023\/07\/IMG20230707143253-1024x577.jpg\" class=\"ufg-thumbnail-img img-fluid mx-auto d-block\" alt=\"\">\n\t\t\t\t\t<\/a>\n\t\t\t\t\t\t\t\t\t\t<div class=\"ufg-image-content\">\n\t\t\t\t\t\t\t\t\t\t\t<\/div>\n\t\t\t\t<\/div>\n\t\t\t<\/div>\n\t\t\t\t\t\t\n\t\t\t<div id=\"ufg-thumbnail\" class=\"col-6 col-sm-4 col-md-4 col-lg-4 mb-4 kert-1\">\n\t\t\t\t<div class=\"ufg-thumbnail-border\">\n\t\t\t\t\t\t\t\t\t\t<a href=\"http:\/\/vadaszturistacentrum.hu\/wp-content\/uploads\/2023\/07\/IMG20230707143257-scaled.jpg\" class=\"ufg-lightbox kert-1\" data-title=\"Udvar\" data-lightbox=\"ufg-lightbox\" data-alt=\"\" rel=\"lightbox[170]\">\n\t\t\t\t\t\t<img src=\"http:\/\/vadaszturistacentrum.hu\/wp-content\/uploads\/2023\/07\/IMG20230707143257-1024x577.jpg\" class=\"ufg-thumbnail-img img-fluid mx-auto d-block\" alt=\"\">\n\t\t\t\t\t<\/a>\n\t\t\t\t\t\t\t\t\t\t<div class=\"ufg-image-content\">\n\t\t\t\t\t\t\t\t\t\t\t<\/div>\n\t\t\t\t<\/div>\n\t\t\t<\/div>\n\t\t\t\t\t\t\n\t\t\t<div id=\"ufg-thumbnail\" class=\"col-6 col-sm-4 col-md-4 col-lg-4 mb-4 kert-1\">\n\t\t\t\t<div class=\"ufg-thumbnail-border\">\n\t\t\t\t\t\t\t\t\t\t<a href=\"http:\/\/vadaszturistacentrum.hu\/wp-content\/uploads\/2023\/07\/IMG20230707143301-scaled.jpg\" class=\"ufg-lightbox kert-1\" data-title=\"Udvar\" data-lightbox=\"ufg-lightbox\" data-alt=\"\" rel=\"lightbox[170]\">\n\t\t\t\t\t\t<img src=\"http:\/\/vadaszturistacentrum.hu\/wp-content\/uploads\/2023\/07\/IMG20230707143301-1024x577.jpg\" class=\"ufg-thumbnail-img img-fluid mx-auto d-block\" alt=\"\">\n\t\t\t\t\t<\/a>\n\t\t\t\t\t\t\t\t\t\t<div class=\"ufg-image-content\">\n\t\t\t\t\t\t\t\t\t\t\t<\/div>\n\t\t\t\t<\/div>\n\t\t\t<\/div>\n\t\t\t\t\t\t\n\t\t\t<div id=\"ufg-thumbnail\" class=\"col-6 col-sm-4 col-md-4 col-lg-4 mb-4 sz\u00e1ll\u00e1s-3\">\n\t\t\t\t<div class=\"ufg-thumbnail-border\">\n\t\t\t\t\t\t\t\t\t\t<a href=\"http:\/\/vadaszturistacentrum.hu\/wp-content\/uploads\/2023\/07\/IMG20230707143511-scaled.jpg\" class=\"ufg-lightbox sz\u00e1ll\u00e1s-3\" data-title=\"Sz\u00e1ll\u00e1s\" data-lightbox=\"ufg-lightbox\" data-alt=\"\" rel=\"lightbox[170]\">\n\t\t\t\t\t\t<img src=\"http:\/\/vadaszturistacentrum.hu\/wp-content\/uploads\/2023\/07\/IMG20230707143511-1024x577.jpg\" class=\"ufg-thumbnail-img img-fluid mx-auto d-block\" alt=\"\">\n\t\t\t\t\t<\/a>\n\t\t\t\t\t\t\t\t\t\t<div class=\"ufg-image-content\">\n\t\t\t\t\t\t\t\t\t\t\t<\/div>\n\t\t\t\t<\/div>\n\t\t\t<\/div>\n\t\t\t\t\t\t\n\t\t\t<div id=\"ufg-thumbnail\" class=\"col-6 col-sm-4 col-md-4 col-lg-4 mb-4 sz\u00e1ll\u00e1s-3\">\n\t\t\t\t<div class=\"ufg-thumbnail-border\">\n\t\t\t\t\t\t\t\t\t\t<a href=\"http:\/\/vadaszturistacentrum.hu\/wp-content\/uploads\/2023\/07\/IMG20230707145830-scaled.jpg\" class=\"ufg-lightbox sz\u00e1ll\u00e1s-3\" data-title=\"Sz\u00e1ll\u00e1s\" data-lightbox=\"ufg-lightbox\" data-alt=\"\" rel=\"lightbox[170]\">\n\t\t\t\t\t\t<img src=\"http:\/\/vadaszturistacentrum.hu\/wp-content\/uploads\/2023\/07\/IMG20230707145830-1024x577.jpg\" class=\"ufg-thumbnail-img img-fluid mx-auto d-block\" alt=\"\">\n\t\t\t\t\t<\/a>\n\t\t\t\t\t\t\t\t\t\t<div class=\"ufg-image-content\">\n\t\t\t\t\t\t\t\t\t\t\t<\/div>\n\t\t\t\t<\/div>\n\t\t\t<\/div>\n\t\t\t\t\t\t\n\t\t\t<div id=\"ufg-thumbnail\" class=\"col-6 col-sm-4 col-md-4 col-lg-4 mb-4 sz\u00e1ll\u00e1s-3\">\n\t\t\t\t<div class=\"ufg-thumbnail-border\">\n\t\t\t\t\t\t\t\t\t\t<a href=\"http:\/\/vadaszturistacentrum.hu\/wp-content\/uploads\/2023\/07\/IMG20230707145628-scaled.jpg\" class=\"ufg-lightbox sz\u00e1ll\u00e1s-3\" data-title=\"Parkol\u00f3\" data-lightbox=\"ufg-lightbox\" data-alt=\"\" rel=\"lightbox[170]\">\n\t\t\t\t\t\t<img src=\"http:\/\/vadaszturistacentrum.hu\/wp-content\/uploads\/2023\/07\/IMG20230707145628-1024x577.jpg\" class=\"ufg-thumbnail-img img-fluid mx-auto d-block\" alt=\"\">\n\t\t\t\t\t<\/a>\n\t\t\t\t\t\t\t\t\t\t<div class=\"ufg-image-content\">\n\t\t\t\t\t\t\t\t\t\t\t<\/div>\n\t\t\t\t<\/div>\n\t\t\t<\/div>\n\t\t\t\t\t\t\n\t\t\t<div id=\"ufg-thumbnail\" class=\"col-6 col-sm-4 col-md-4 col-lg-4 mb-4 k\u00f6rny\u00e9k-2\">\n\t\t\t\t<div class=\"ufg-thumbnail-border\">\n\t\t\t\t\t\t\t\t\t\t<a href=\"http:\/\/vadaszturistacentrum.hu\/wp-content\/uploads\/2023\/07\/133_205_dff3ba01_.jpg\" class=\"ufg-lightbox k\u00f6rny\u00e9k-2\" data-title=\"\u00c1gasv\u00e1r-Turistah\u00e1z\" data-lightbox=\"ufg-lightbox\" data-alt=\"\" rel=\"lightbox[170]\">\n\t\t\t\t\t\t<img src=\"http:\/\/vadaszturistacentrum.hu\/wp-content\/uploads\/2023\/07\/133_205_dff3ba01_.jpg\" class=\"ufg-thumbnail-img img-fluid mx-auto d-block\" alt=\"\">\n\t\t\t\t\t<\/a>\n\t\t\t\t\t\t\t\t\t\t<div class=\"ufg-image-content\">\n\t\t\t\t\t\t\t\t\t\t\t<\/div>\n\t\t\t\t<\/div>\n\t\t\t<\/div>\n\t\t\t\t\t\n\t\t<script>\n\t\tjQuery('button.ufg-level-one-button').fadeOut(); \/\/hide all level 1 buttons\n\t\t\n\t\tfunction filter(id, value) {\n\t\t\t\/\/console.log(id); *\/\n\t\t\t\/\/console.log(value); *\/\n\t\t\tvar ufg_btn_text = \"\";\n\t\t\tvar ufg_btn_text2 = \"\";\n\t\t\tvar ufg_current_clicked_filter_id = \"\";\n\t\t\tvar ufg_current_clicked_filter_level = \"\";\n\t\t\tvar ufg_last_clicked_filter_id = \"\";\n\t\t\tvar ufg_last_clicked_filter_level = \"\";\n\t\t\tvar ufg_last_clicked_filter_parent_id = \"\";\n\t\t\t\n\t\t\tufg_current_clicked_filter_id = jQuery(\"#ufg_current_clicked_filter_id\").val(); \/* get last clicked filter id *\/\n\t\t\tufg_current_clicked_filter_level = jQuery(\"#ufg_current_clicked_filter_level\").val(); \/* set current clicked filter level*\/\n\t\t\tufg_last_clicked_filter_id = jQuery(\"#ufg_last_clicked_filter_id\").val(); \/* get last clicked filter id*\/\n\t\t\tufg_last_clicked_filter_level = jQuery(\"#ufg_last_clicked_filter_level\").val(); \/* get last clicked filter level*\/\n\t\t\t\n\t\t\tufg_current_clicked_parent_filter_id = jQuery(\"#ufg_current_clicked_parent_filter_id\").val(); \/* get current clicked parent filter id*\/\n\t\t\tufg_last_clicked_filter_parent_id = jQuery(\"#ufg_last_clicked_filter_parent_id\").val(); \/* get last clicked parent filter id*\/\n\t\t\t\n\t\t\t\/* set current - initials case *\/\n\t\t\tif(ufg_current_clicked_filter_id == \"\") {\n\t\t\t\t\/\/get current clicked filter level *\/\n\t\t\t\t\/\/console.log(id.match(\"1evel1\")); *\/\n\t\t\t\tif(id.match(\"1evel1\")){ ufg_current_clicked_filter_level = \"1evel1\"; }\n\t\t\t\t\/\/console.log(ufg_current_clicked_filter_level); *\/\n\t\t\t\tif(id.match(\"level2\")){ ufg_current_clicked_filter_level = \"level2\"; }\n\t\t\t\t\/\/console.log(ufg_current_clicked_filter_level); *\/\n\t\t\t\tif(id.match(\"level3\")){ ufg_current_clicked_filter_level = \"level3\"; }\n\t\t\t\t\/\/console.log(ufg_current_clicked_filter_level); *\/\n\t\t\t\t\n\t\t\t\t\/* set filter id and get *\/\n\t\t\t\tjQuery(\"#ufg_current_clicked_filter_id\").val(id);\n\t\t\t\tjQuery(\"#ufg_current_clicked_filter_level\").val(ufg_current_clicked_filter_level);\n\t\t\t\t\n\t\t\t\tjQuery(\"#ufg_last_clicked_filter_id\").val(id);\n\t\t\t\tjQuery(\"#ufg_last_clicked_filter_level\").val(ufg_current_clicked_filter_level);\n\t\t\t\t\n\t\t\t\tconsole.log(ufg_last_clicked_filter_parent_id);\n\t\t\t\tif(ufg_current_clicked_filter_level == \"1evel1\") {\n\t\t\t\t\tjQuery(\"#ufg_last_clicked_filter_parent_id\").val(id);\n\t\t\t\t}\n\t\t\t\t\n\t\t\t\t\/* set current last clicked parent filter id *\/\n\t\t\t\tjQuery(\"#ufg_current_clicked_parent_filter_id\").val(id);\n\t\t\t\tjQuery(\"#ufg_last_clicked_filter_parent_id\").val(id);\n\t\t\t\t\n\t\t\t} else {\n\t\t\t\t\n\t\t\t\t\/* transfer current filter to last filter (transfer before getting filter level) *\/\n\t\t\t\tjQuery(\"#ufg_last_clicked_filter_id\").val(ufg_current_clicked_filter_id);\n\t\t\t\tjQuery(\"#ufg_last_clicked_filter_level\").val(ufg_current_clicked_filter_level);\n\t\t\t\t\n\t\t\t\t\/\/get current clicked filter level *\/\n\t\t\t\t\/\/console.log(id.match(\"1evel1\")); *\/\n\t\t\t\tif(id.match(\"1evel1\")){ ufg_current_clicked_filter_level = \"1evel1\"; }\n\t\t\t\t\/\/console.log(ufg_current_clicked_filter_level); *\/\n\t\t\t\tif(id.match(\"level2\")){ ufg_current_clicked_filter_level = \"level2\"; }\n\t\t\t\t\/\/console.log(ufg_current_clicked_filter_level); *\/\n\t\t\t\tif(id.match(\"level3\")){ ufg_current_clicked_filter_level = \"level3\"; }\n\t\t\t\t\/\/console.log(ufg_current_clicked_filter_level); *\/\n\t\t\t\t\n\t\t\t\t\/* set current filters *\/\n\t\t\t\tjQuery(\"#ufg_current_clicked_filter_id\").val(id);\n\t\t\t\tjQuery(\"#ufg_current_clicked_filter_level\").val(ufg_current_clicked_filter_level);\n\t\t\t\t\n\t\t\t\tufg_last_clicked_filter_id = jQuery(\"#ufg_last_clicked_filter_id\").val(); \/* get last clicked filter id *\/\n\t\t\t\tufg_last_clicked_filter_level = jQuery(\"#ufg_last_clicked_filter_level\").val(); \/* get last clicked filter level *\/\n\t\t\t\t\n\t\t\t\t\/* remove check icon on last clicked filter - if same level2 filter button clicked *\/\n\t\t\t\tif(ufg_current_clicked_filter_level == \"level2\" && ufg_last_clicked_filter_level == \"level2\"){\n\t\t\t\t\t\/* remove check icon from last clicked filter button *\/\n\t\t\t\t\tufg_btn_text = jQuery(\"#\" + ufg_last_clicked_filter_id).html(); \/* get html value *\/\n\t\t\t\t\t\/\/console.log(ufg_btn_text);\n\t\t\t\t\tufg_btn_text = ufg_btn_text.replace(' <i class=\"fas fa-check\"><\/i>', ''); \/* remove icon *\/\n\t\t\t\t\t\/\/console.log(ufg_btn_text);\n\t\t\t\t\tjQuery(\"#\" + ufg_last_clicked_filter_id).html(ufg_btn_text); \/* set remove icon *\/\n\t\t\t\t}\n\t\t\t\t\n\t\t\t\t\/* when transferring filter from level2 to level1 *\/\n\t\t\t\tif(ufg_current_clicked_filter_level === \"1evel1\") {\n\t\t\t\t\t\/* transfer last clicked parent filter id to current  *\/\n\t\t\t\t\tjQuery(\"#ufg_current_clicked_parent_filter_id\").val(id);\n\t\t\t\t\tjQuery(\"#ufg_last_clicked_parent_filter_id\").val(ufg_current_clicked_parent_filter_id);\n\t\t\t\t\t\n\t\t\t\t\t\/* remove check icon from last clicked filter button *\/\n\t\t\t\t\tufg_btn_text = jQuery(\"#\" + ufg_current_clicked_parent_filter_id).html(); \/* get html value *\/\n\t\t\t\t\t\/\/console.log(ufg_btn_text);\n\t\t\t\t\tufg_btn_text = ufg_btn_text.replace(' <i class=\"fas fa-check\"><\/i>', ''); \/* remove icon *\/\n\t\t\t\t\t\/\/console.log(ufg_btn_text);\n\t\t\t\t\tjQuery(\"#\" + ufg_current_clicked_parent_filter_id).html(ufg_btn_text); \/* set remove icon *\/\n\t\t\t\t\t\n\t\t\t\t\t\/* remove check icon from last clicked first filter button *\/\n\t\t\t\t\tufg_btn_text = jQuery(\"#\" + ufg_last_clicked_filter_id).html(); \/* get html value *\/\n\t\t\t\t\t\/\/console.log(ufg_btn_text);\n\t\t\t\t\tufg_btn_text = ufg_btn_text.replace(' <i class=\"fas fa-check\"><\/i>', ''); \/* remove icon *\/\n\t\t\t\t\t\/\/console.log(ufg_btn_text);\n\t\t\t\t\tjQuery(\"#\" + ufg_last_clicked_filter_id).html(ufg_btn_text); \/* set remove icon *\/\n\t\t\t\t}\n\t\t\t}\n\t\t\t\n\t\t\t\/* add check icon on current clicked filter *\/\n\t\t\tufg_btn_text = jQuery(\"#\" + id).html(); \/* get html value *\/\n\t\t\t\/\/console.log(ufg_btn_text);\n\t\t\tjQuery(\"#\" + id).html(ufg_btn_text + ' <i class=\"fas fa-check\"><\/i>');\n\t\t\t\n\t\t\t\/* hide all level 2 button *\/\n\t\t\tif(ufg_current_clicked_filter_level != \"level2\"){ \/* display only level on filter accordingly parent filters clicked *\/\n\t\t\t\tjQuery('button.ufg-level-one-button').fadeOut(); \/\/hide all level 1 buttons *\/\n\t\t\t}\n\t\t\t\n\t\t\t\/\/filtering *\/\n\t\t\tif(value == \"all\") {\n\t\t\t\t\/* show all filters *\/\n\t\t\t\tjQuery('button.ufg-parent-filters ').fadeIn( \"slow\" ); \/\/display all filters *\/\n\t\t\t\t\n\t\t\t\t\/* show all images *\/\n\t\t\t\tjQuery('div#ufg-thumbnail').fadeIn( \"slow\" ); \/\/display all images *\/\n\t\t\t\t\n\t\t\t\t\/* lightbox - remove data attribute and dynamic add lightbox data-lightbox to anchor tag *\/\n\t\t\t\t\t\t\t\tjQuery('.ufg-lightbox').removeData();\n\t\t\t\tjQuery('.ufg-lightbox').attr('data-lightbox', 'ufg-lightbox'); \/* add data-lightbox for all images cycle in lightbox *\/\n\t\t\t\t\t\t\t} else {\n\t\t\t\t\/* remove data-lightbox attribute from all ufg-thumbnail *\/\n\t\t\t\t\t\t\t\tjQuery('a.ufg-lightbox').removeAttr('data-lightbox');\n\t\t\t\t\t\t\t\t\n\t\t\t\t\/* show hide images *\/\n\t\t\t\tjQuery('div#ufg-thumbnail').fadeOut( \"slow\" ); \/\/hide all visible images *\/\n\t\t\t\tjQuery('div.' + value).fadeIn( \"slow\" ); \/\/display only clicked images \/\/and filters button *\/\n\t\t\t\tjQuery('button.' + value).fadeIn( \"slow\" ); \/\/display only clicked filters button and images *\/\n\t\t\t\t\n\t\t\t\t\/* dynamically add lightbox data-filter classes accordingly parent and sub filter clicked *\/\n\t\t\t\t\t\t\t\tvar lighbox_class_name = \"ufg-lightbox-\" + value;\n\t\t\t\tjQuery('.' + value ).attr('data-lightbox', lighbox_class_name); \/* add data filter for parent filters *\/\n\t\t\t\t\t\t\t}\n\t\t}\n\n\t\t\t\tjQuery(document).ready(function(){\n\t\t\tlightbox.option({\n\t\t\t\t'fadeDuration' : 600,\n\t\t\t\t'fitImagesInViewport' : true,\n\t\t\t\t'imageFadeDuration' : 600,\n\t\t\t\t'positionFromTop' : 50,\n\t\t\t\t'resizeDuration' : 700,\n\t\t\t\t'wrapAround': true,\n\t\t\t});\n\t\t});\n\t\t\t\t<\/script>\n\t\t\t\t<\/div>\n\t\t<!-- printing gallery end-->\n\t\t\n\t\t<style>\n\t\t.ufg-all-filter-button {\n\t\t\tcolor: #FFFFFF !important;\n\t\t\tbackground-color: #CA4E07 !important;\n\t\t\tborder-color: #CA4E07 !important;\n\t\t}\n\t\t.ufg-parent-filter-button {\n\t\t\tcolor: #FFFFFF !important;\n\t\t\tbackground-color: #ca4e07 !important;\n\t\t\tborder-color: #ca4e07 !important;\n\t\t}\n\t\t.ufg-level-one-button {\n\t\t\tcolor: #6C757D !important;\n\t\t\tbackground-color: #0069D9 !important;\n\t\t\tborder-color: #0069D9 !important;\n\t\t}\n\t\t.ufg-thumbnail-border {\n\t\t\t\t\t\tborder-radius: 0.25rem !important;\n\t\t}\n\t\t.ufg-image-title {\n\t\t\tfont-size: 24px !important;\n\t\t\tcolor: #FFFFFF !important;\n\t\t\tbackground-color: #000000 !important;\n\t\t}\n\t\t<\/style>\n\t\t\n","protected":false},"excerpt":{"rendered":"","protected":false},"author":1,"featured_media":0,"parent":0,"menu_order":0,"comment_status":"closed","ping_status":"closed","template":"","meta":[],"_links":{"self":[{"href":"http:\/\/vadaszturistacentrum.hu\/index.php?rest_route=\/wp\/v2\/pages\/170"}],"collection":[{"href":"http:\/\/vadaszturistacentrum.hu\/index.php?rest_route=\/wp\/v2\/pages"}],"about":[{"href":"http:\/\/vadaszturistacentrum.hu\/index.php?rest_route=\/wp\/v2\/types\/page"}],"author":[{"embeddable":true,"href":"http:\/\/vadaszturistacentrum.hu\/index.php?rest_route=\/wp\/v2\/users\/1"}],"replies":[{"embeddable":true,"href":"http:\/\/vadaszturistacentrum.hu\/index.php?rest_route=%2Fwp%2Fv2%2Fcomments&post=170"}],"version-history":[{"count":3,"href":"http:\/\/vadaszturistacentrum.hu\/index.php?rest_route=\/wp\/v2\/pages\/170\/revisions"}],"predecessor-version":[{"id":272,"href":"http:\/\/vadaszturistacentrum.hu\/index.php?rest_route=\/wp\/v2\/pages\/170\/revisions\/272"}],"wp:attachment":[{"href":"http:\/\/vadaszturistacentrum.hu\/index.php?rest_route=%2Fwp%2Fv2%2Fmedia&parent=170"}],"curies":[{"name":"wp","href":"https:\/\/api.w.org\/{rel}","templated":true}]}}