{"id":34,"date":"2020-10-08T06:06:18","date_gmt":"2020-10-08T06:06:18","guid":{"rendered":"http:\/\/vadaszturistacentrum.hu\/?page_id=34"},"modified":"2023-07-08T22:11:25","modified_gmt":"2023-07-08T22:11:25","slug":"szallas","status":"publish","type":"page","link":"http:\/\/vadaszturistacentrum.hu\/?page_id=34","title":{"rendered":"Sz\u00e1ll\u00e1s"},"content":{"rendered":"\n<p>\u00dcd\u00fcl\u0151h\u00e1zunkban \u00f6t k\u00fcl\u00f6n\u00e1ll\u00f3 (A,B,C,D,E) k\u00e9nyelmes apartman tal\u00e1lhat\u00f3, ahov\u00e1 eg\u00e9sz \u00e9vben szeretettel v\u00e1rjuk kedves Vend\u00e9geinket. Apartmanjaink \u00f6sszesen 37 f\u0151 k\u00e9nyelmes elhelyez\u00e9s\u00e9t biztos\u00edtj\u00e1k. Minden apartmanunkban k\u00e1belt\u00e9v\u00e9, j\u00f3l felszerelt konyha \u00e1ll Vend\u00e9geink rendelkez\u00e9s\u00e9re, g\u00e1zt\u0171zhellyel, h\u0171t\u0151vel \u00e9s mikrohull\u00e1m\u00fa s\u00fct\u0151vel. A f\u00fcrd\u0151szob\u00e1ink zuhanyz\u00f3sak.<br>A kicsiket udvarunkon j\u00e1tsz\u00f3t\u00e9r, hint\u00e1k \u00e9s pingpongasztal v\u00e1rja, m\u00edg a feln\u0151ttek pihen\u00e9s\u00e9t szauna, szabadt\u00e9ri sakk, t\u00e1gas, \u00e1rnyas pavilon \u00e9s ki\u00e9p\u00edtett, felszerelt ny\u00e1rsal\u00f3- \u00e9s bogr\u00e1csoz\u00f3hely, szabadt\u00e9ri kemence biztos\u00edtja. Z\u00e1rt udvarunkban biztons\u00e1gosan parkolhat.<br>Az \u00fcd\u00fcl\u0151 k\u00f6zvetlen szomsz\u00e9ds\u00e1g\u00e1ban kisbolt \u00e9s pressz\u00f3 \u00fczemel. Az \u00fcd\u00fcl\u0151h\u00e1zunkr\u00f3l k\u00e9sz\u00fclt k\u00e9pek megtekinthet\u0151k a gal\u00e9ria men\u00fcben, a sz\u00e1ll\u00e1ssal kapcsolatos tov\u00e1bbi r\u00e9szletek \u00e9s el\u00e9rhet\u0151s\u00e9geink az inform\u00e1ci\u00f3 men\u00fcpont alatt tal\u00e1lhat\u00f3k.<\/p>\n\n\n\n<figure class=\"wp-block-image size-large is-style-default\"><img decoding=\"async\" loading=\"lazy\" width=\"900\" height=\"261\" src=\"http:\/\/vadaszturistacentrum.hu\/wp-content\/uploads\/2020\/10\/rajz900.jpg\" alt=\"\" class=\"wp-image-114\" srcset=\"http:\/\/vadaszturistacentrum.hu\/wp-content\/uploads\/2020\/10\/rajz900.jpg 900w, http:\/\/vadaszturistacentrum.hu\/wp-content\/uploads\/2020\/10\/rajz900-300x87.jpg 300w, http:\/\/vadaszturistacentrum.hu\/wp-content\/uploads\/2020\/10\/rajz900-768x223.jpg 768w\" sizes=\"(max-width: 900px) 100vw, 900px\" \/><\/figure>\n\n\n\n<div class=\"is-layout-flow wp-block-group\"><div class=\"wp-block-group__inner-container\"><\/div><\/div>\n\n\n\n<h3>Apartman A<\/h3>\n\n\n\n<div class=\"is-layout-flex wp-container-6 wp-block-columns\">\n<div class=\"is-layout-flow wp-block-column\">\n<p>8 szem\u00e9lyes, k\u00e9tszintes apartman, 2 db 2 \u00e1gyas \u00e9s 1 db 4 \u00e1gyas szob\u00e1val. K\u00e1belt\u00e9v\u00e9, felszerelt konyha, f\u00fcrd\u0151szoba, WC, k\u00fcl\u00f6n h\u00e1ts\u00f3 terasz.<\/p>\n<\/div>\n\n\n\n<div class=\"is-layout-flow wp-block-column\">\n<figure class=\"is-layout-flex wp-block-gallery-3 wp-block-gallery has-nested-images columns-default is-cropped\">\n<figure class=\"wp-block-image size-large\"><img decoding=\"async\" loading=\"lazy\" width=\"600\" height=\"450\" src=\"http:\/\/vadaszturistacentrum.hu\/wp-content\/uploads\/2020\/10\/32.jpg\" alt=\"\" class=\"wp-image-133\" srcset=\"http:\/\/vadaszturistacentrum.hu\/wp-content\/uploads\/2020\/10\/32.jpg 600w, http:\/\/vadaszturistacentrum.hu\/wp-content\/uploads\/2020\/10\/32-300x225.jpg 300w\" sizes=\"(max-width: 600px) 100vw, 600px\" \/><figcaption class=\"wp-element-caption\">SONY DSC<\/figcaption><\/figure>\n\n\n\n<figure class=\"wp-block-image size-large\"><img decoding=\"async\" loading=\"lazy\" width=\"600\" height=\"450\" src=\"http:\/\/vadaszturistacentrum.hu\/wp-content\/uploads\/2020\/10\/31.jpg\" alt=\"\" class=\"wp-image-132\" srcset=\"http:\/\/vadaszturistacentrum.hu\/wp-content\/uploads\/2020\/10\/31.jpg 600w, http:\/\/vadaszturistacentrum.hu\/wp-content\/uploads\/2020\/10\/31-300x225.jpg 300w\" sizes=\"(max-width: 600px) 100vw, 600px\" \/><figcaption class=\"wp-element-caption\">Emeleti szoba<\/figcaption><\/figure>\n\n\n\n<figure class=\"wp-block-image size-large\"><img decoding=\"async\" loading=\"lazy\" width=\"939\" height=\"700\" src=\"http:\/\/vadaszturistacentrum.hu\/wp-content\/uploads\/2020\/10\/apt-a1.jpg\" alt=\"\" class=\"wp-image-157\" srcset=\"http:\/\/vadaszturistacentrum.hu\/wp-content\/uploads\/2020\/10\/apt-a1.jpg 939w, http:\/\/vadaszturistacentrum.hu\/wp-content\/uploads\/2020\/10\/apt-a1-300x224.jpg 300w, http:\/\/vadaszturistacentrum.hu\/wp-content\/uploads\/2020\/10\/apt-a1-768x573.jpg 768w\" sizes=\"(max-width: 939px) 100vw, 939px\" \/><\/figure>\n<\/figure>\n<\/div>\n<\/div>\n\n\n\n<h3>Apartman B<\/h3>\n\n\n\n<div class=\"is-layout-flex wp-container-11 wp-block-columns\">\n<div class=\"is-layout-flow wp-block-column\">\n<p>8 szem\u00e9lyes, k\u00e9tszintes apartman, 2 db 2 \u00e1gyas \u00e9s 1 db 4 \u00e1gyas szob\u00e1val. K\u00e1belt\u00e9v\u00e9, felszerelt konyha, f\u00fcrd\u0151szoba, WC, k\u00fcl\u00f6n h\u00e1ts\u00f3 terasz.<\/p>\n<\/div>\n\n\n\n<div class=\"is-layout-flow wp-block-column\">\n<figure class=\"is-layout-flex wp-block-gallery-8 wp-block-gallery has-nested-images columns-default is-cropped\">\n<figure class=\"wp-block-image size-large\"><img decoding=\"async\" loading=\"lazy\" width=\"941\" height=\"699\" src=\"http:\/\/vadaszturistacentrum.hu\/wp-content\/uploads\/2020\/10\/apt-b.jpg\" alt=\"\" class=\"wp-image-140\" srcset=\"http:\/\/vadaszturistacentrum.hu\/wp-content\/uploads\/2020\/10\/apt-b.jpg 941w, http:\/\/vadaszturistacentrum.hu\/wp-content\/uploads\/2020\/10\/apt-b-300x223.jpg 300w, http:\/\/vadaszturistacentrum.hu\/wp-content\/uploads\/2020\/10\/apt-b-768x570.jpg 768w\" sizes=\"(max-width: 941px) 100vw, 941px\" \/><figcaption class=\"wp-element-caption\">Konyha<\/figcaption><\/figure>\n\n\n\n<figure class=\"wp-block-image size-large\"><img decoding=\"async\" loading=\"lazy\" width=\"939\" height=\"700\" src=\"http:\/\/vadaszturistacentrum.hu\/wp-content\/uploads\/2020\/10\/apt-b2.jpg\" alt=\"\" class=\"wp-image-143\" srcset=\"http:\/\/vadaszturistacentrum.hu\/wp-content\/uploads\/2020\/10\/apt-b2.jpg 939w, http:\/\/vadaszturistacentrum.hu\/wp-content\/uploads\/2020\/10\/apt-b2-300x224.jpg 300w, http:\/\/vadaszturistacentrum.hu\/wp-content\/uploads\/2020\/10\/apt-b2-768x573.jpg 768w\" sizes=\"(max-width: 939px) 100vw, 939px\" \/><figcaption class=\"wp-element-caption\">F\u00f6ldszinti szoba<\/figcaption><\/figure>\n\n\n\n<figure class=\"wp-block-image size-large\"><img decoding=\"async\" loading=\"lazy\" width=\"939\" height=\"700\" src=\"http:\/\/vadaszturistacentrum.hu\/wp-content\/uploads\/2020\/10\/apt-b3.jpg\" alt=\"\" class=\"wp-image-142\" srcset=\"http:\/\/vadaszturistacentrum.hu\/wp-content\/uploads\/2020\/10\/apt-b3.jpg 939w, http:\/\/vadaszturistacentrum.hu\/wp-content\/uploads\/2020\/10\/apt-b3-300x224.jpg 300w, http:\/\/vadaszturistacentrum.hu\/wp-content\/uploads\/2020\/10\/apt-b3-768x573.jpg 768w\" sizes=\"(max-width: 939px) 100vw, 939px\" \/><figcaption class=\"wp-element-caption\">emeleti szob\u00e1k<\/figcaption><\/figure>\n<\/figure>\n<\/div>\n<\/div>\n\n\n\n<h3>Apartman C<\/h3>\n\n\n\n<div class=\"is-layout-flex wp-container-16 wp-block-columns\">\n<div class=\"is-layout-flow wp-block-column\">\n<p>8 szem\u00e9lyes, k\u00e9tszintes apartman, az emeleten 4 db 2 \u00e1gyas szob\u00e1val. A f\u00f6ldszinten felszerelt t\u00e1gas konyha \u00e9telkiad\u00f3 ablakkal, k\u00fcl\u00f6n\u00e1ll\u00f3, csoportos \u00e9tkez\u00e9shez ide\u00e1lis \u00e9tkez\u0151vel. 2 dbf\u00fcrd\u0151szoba, 2 db WC, nagy h\u00e1ts\u00f3 terasz.<\/p>\n<\/div>\n\n\n\n<div class=\"is-layout-flow wp-block-column\">\n<figure class=\"is-layout-flex wp-block-gallery-13 wp-block-gallery has-nested-images columns-default is-cropped\"><\/figure>\n<\/div>\n<\/div>\n\n\n\n<h3>Apartman D<\/h3>\n\n\n\n<div class=\"is-layout-flex wp-container-21 wp-block-columns\">\n<div class=\"is-layout-flow wp-block-column\">\n<p>Emeleti, 5 szem\u00e9lyes apartman, 1 db 2 \u00e1gyas \u00e9s 1 db 3 \u00e1gyas szob\u00e1val, k\u00e1belt\u00e9v\u00e9vel. Felszerelt teakonyha, f\u00fcrd\u0151szoba, WC.<\/p>\n<\/div>\n\n\n\n<div class=\"is-layout-flow wp-block-column\">\n<figure class=\"is-layout-flex wp-block-gallery-18 wp-block-gallery has-nested-images columns-default is-cropped\"><\/figure>\n<\/div>\n<\/div>\n\n\n\n<h3>Apartman E<\/h3>\n\n\n\n<div class=\"is-layout-flex wp-container-27 wp-block-columns\">\n<div class=\"is-layout-flow wp-block-column\">\n<p>8 szem\u00e9lyes, k\u00e9tszintes apartman 2 db 2 \u00e1gyas \u00e9s 1db 4 \u00e1gyas szob\u00e1val. K\u00e1belt\u00e9v\u00e9, felszerelt konyha, f\u00fcrd\u0151szoba, WC, k\u00fcl\u00f6n h\u00e1ts\u00f3 terasz.<\/p>\n<\/div>\n\n\n\n<div class=\"is-layout-flow wp-block-column\">\n<div class=\"is-layout-constrained wp-block-group\"><div class=\"wp-block-group__inner-container\">\n<figure class=\"is-layout-flex wp-block-gallery-23 wp-block-gallery has-nested-images columns-default is-cropped\">\n<figure class=\"wp-block-image size-large\"><img decoding=\"async\" loading=\"lazy\" width=\"576\" height=\"1024\" src=\"http:\/\/vadaszturistacentrum.hu\/wp-content\/uploads\/2023\/07\/IMG20230707142102-576x1024.jpg\" alt=\"\" class=\"wp-image-200\" srcset=\"http:\/\/vadaszturistacentrum.hu\/wp-content\/uploads\/2023\/07\/IMG20230707142102-576x1024.jpg 576w, http:\/\/vadaszturistacentrum.hu\/wp-content\/uploads\/2023\/07\/IMG20230707142102-169x300.jpg 169w, http:\/\/vadaszturistacentrum.hu\/wp-content\/uploads\/2023\/07\/IMG20230707142102-768x1365.jpg 768w, http:\/\/vadaszturistacentrum.hu\/wp-content\/uploads\/2023\/07\/IMG20230707142102-864x1536.jpg 864w, http:\/\/vadaszturistacentrum.hu\/wp-content\/uploads\/2023\/07\/IMG20230707142102.jpg 1080w\" sizes=\"(max-width: 576px) 100vw, 576px\" \/><\/figure>\n\n\n\n<figure class=\"wp-block-image size-large\"><img decoding=\"async\" loading=\"lazy\" width=\"1024\" height=\"577\" src=\"http:\/\/vadaszturistacentrum.hu\/wp-content\/uploads\/2023\/07\/IMG20230707142113-1024x577.jpg\" alt=\"\" class=\"wp-image-199\" srcset=\"http:\/\/vadaszturistacentrum.hu\/wp-content\/uploads\/2023\/07\/IMG20230707142113-1024x577.jpg 1024w, http:\/\/vadaszturistacentrum.hu\/wp-content\/uploads\/2023\/07\/IMG20230707142113-300x169.jpg 300w, http:\/\/vadaszturistacentrum.hu\/wp-content\/uploads\/2023\/07\/IMG20230707142113-768x433.jpg 768w, http:\/\/vadaszturistacentrum.hu\/wp-content\/uploads\/2023\/07\/IMG20230707142113-1536x866.jpg 1536w, http:\/\/vadaszturistacentrum.hu\/wp-content\/uploads\/2023\/07\/IMG20230707142113.jpg 1920w\" sizes=\"(max-width: 1024px) 100vw, 1024px\" \/><\/figure>\n\n\n\n<figure class=\"wp-block-image size-large\"><img decoding=\"async\" loading=\"lazy\" width=\"1024\" height=\"577\" src=\"http:\/\/vadaszturistacentrum.hu\/wp-content\/uploads\/2023\/07\/IMG20230707142135-1024x577.jpg\" alt=\"\" class=\"wp-image-195\" srcset=\"http:\/\/vadaszturistacentrum.hu\/wp-content\/uploads\/2023\/07\/IMG20230707142135-1024x577.jpg 1024w, http:\/\/vadaszturistacentrum.hu\/wp-content\/uploads\/2023\/07\/IMG20230707142135-300x169.jpg 300w, http:\/\/vadaszturistacentrum.hu\/wp-content\/uploads\/2023\/07\/IMG20230707142135-768x433.jpg 768w, http:\/\/vadaszturistacentrum.hu\/wp-content\/uploads\/2023\/07\/IMG20230707142135-1536x866.jpg 1536w, http:\/\/vadaszturistacentrum.hu\/wp-content\/uploads\/2023\/07\/IMG20230707142135.jpg 1920w\" sizes=\"(max-width: 1024px) 100vw, 1024px\" \/><\/figure>\n\n\n\n<figure class=\"wp-block-image size-large\"><img decoding=\"async\" loading=\"lazy\" width=\"1024\" height=\"577\" src=\"http:\/\/vadaszturistacentrum.hu\/wp-content\/uploads\/2023\/07\/IMG20230707142631-1024x577.jpg\" alt=\"\" class=\"wp-image-196\" srcset=\"http:\/\/vadaszturistacentrum.hu\/wp-content\/uploads\/2023\/07\/IMG20230707142631-1024x577.jpg 1024w, http:\/\/vadaszturistacentrum.hu\/wp-content\/uploads\/2023\/07\/IMG20230707142631-300x169.jpg 300w, http:\/\/vadaszturistacentrum.hu\/wp-content\/uploads\/2023\/07\/IMG20230707142631-768x433.jpg 768w, http:\/\/vadaszturistacentrum.hu\/wp-content\/uploads\/2023\/07\/IMG20230707142631-1536x866.jpg 1536w, http:\/\/vadaszturistacentrum.hu\/wp-content\/uploads\/2023\/07\/IMG20230707142631.jpg 1920w\" sizes=\"(max-width: 1024px) 100vw, 1024px\" \/><\/figure>\n\n\n\n<figure class=\"wp-block-image size-large\"><img decoding=\"async\" loading=\"lazy\" width=\"1024\" height=\"577\" src=\"http:\/\/vadaszturistacentrum.hu\/wp-content\/uploads\/2023\/07\/IMG20230707142758-1024x577.jpg\" alt=\"\" class=\"wp-image-197\" srcset=\"http:\/\/vadaszturistacentrum.hu\/wp-content\/uploads\/2023\/07\/IMG20230707142758-1024x577.jpg 1024w, http:\/\/vadaszturistacentrum.hu\/wp-content\/uploads\/2023\/07\/IMG20230707142758-300x169.jpg 300w, http:\/\/vadaszturistacentrum.hu\/wp-content\/uploads\/2023\/07\/IMG20230707142758-768x433.jpg 768w, http:\/\/vadaszturistacentrum.hu\/wp-content\/uploads\/2023\/07\/IMG20230707142758-1536x866.jpg 1536w, http:\/\/vadaszturistacentrum.hu\/wp-content\/uploads\/2023\/07\/IMG20230707142758.jpg 1920w\" sizes=\"(max-width: 1024px) 100vw, 1024px\" \/><\/figure>\n\n\n\n<figure class=\"wp-block-image size-large\"><img decoding=\"async\" loading=\"lazy\" width=\"1024\" height=\"577\" src=\"http:\/\/vadaszturistacentrum.hu\/wp-content\/uploads\/2023\/07\/IMG20230707142648-1024x577.jpg\" alt=\"\" class=\"wp-image-198\" srcset=\"http:\/\/vadaszturistacentrum.hu\/wp-content\/uploads\/2023\/07\/IMG20230707142648-1024x577.jpg 1024w, http:\/\/vadaszturistacentrum.hu\/wp-content\/uploads\/2023\/07\/IMG20230707142648-300x169.jpg 300w, http:\/\/vadaszturistacentrum.hu\/wp-content\/uploads\/2023\/07\/IMG20230707142648-768x433.jpg 768w, http:\/\/vadaszturistacentrum.hu\/wp-content\/uploads\/2023\/07\/IMG20230707142648-1536x866.jpg 1536w, http:\/\/vadaszturistacentrum.hu\/wp-content\/uploads\/2023\/07\/IMG20230707142648.jpg 1920w\" sizes=\"(max-width: 1024px) 100vw, 1024px\" \/><\/figure>\n<\/figure>\n<\/div><\/div>\n<\/div>\n<\/div>\n\n\n\n<figure class=\"is-layout-flex wp-block-gallery-28 wp-block-gallery has-nested-images columns-default is-cropped\"><\/figure>\n","protected":false},"excerpt":{"rendered":"<p>\u00dcd\u00fcl\u0151h\u00e1zunkban \u00f6t k\u00fcl\u00f6n\u00e1ll\u00f3 (A,B,C,D,E) k\u00e9nyelmes apartman tal\u00e1lhat\u00f3, ahov\u00e1 eg\u00e9sz \u00e9vben szeretettel v\u00e1rjuk kedves Vend\u00e9geinket. Apartmanjaink \u00f6sszesen 37 f\u0151 k\u00e9nyelmes elhelyez\u00e9s\u00e9t biztos\u00edtj\u00e1k. Minden apartmanunkban k\u00e1belt\u00e9v\u00e9, j\u00f3l felszerelt konyha \u00e1ll Vend\u00e9geink rendelkez\u00e9s\u00e9re, g\u00e1zt\u0171zhellyel, h\u0171t\u0151vel \u00e9s mikrohull\u00e1m\u00fa s\u00fct\u0151vel. A f\u00fcrd\u0151szob\u00e1ink zuhanyz\u00f3sak.A kicsiket udvarunkon j\u00e1tsz\u00f3t\u00e9r, hint\u00e1k \u00e9s pingpongasztal v\u00e1rja, m\u00edg a feln\u0151ttek pihen\u00e9s\u00e9t szauna, szabadt\u00e9ri sakk, t\u00e1gas, \u00e1rnyas pavilon [&hellip;]<\/p>\n","protected":false},"author":1,"featured_media":0,"parent":0,"menu_order":0,"comment_status":"closed","ping_status":"closed","template":"","meta":[],"_links":{"self":[{"href":"http:\/\/vadaszturistacentrum.hu\/index.php?rest_route=\/wp\/v2\/pages\/34"}],"collection":[{"href":"http:\/\/vadaszturistacentrum.hu\/index.php?rest_route=\/wp\/v2\/pages"}],"about":[{"href":"http:\/\/vadaszturistacentrum.hu\/index.php?rest_route=\/wp\/v2\/types\/page"}],"author":[{"embeddable":true,"href":"http:\/\/vadaszturistacentrum.hu\/index.php?rest_route=\/wp\/v2\/users\/1"}],"replies":[{"embeddable":true,"href":"http:\/\/vadaszturistacentrum.hu\/index.php?rest_route=%2Fwp%2Fv2%2Fcomments&post=34"}],"version-history":[{"count":28,"href":"http:\/\/vadaszturistacentrum.hu\/index.php?rest_route=\/wp\/v2\/pages\/34\/revisions"}],"predecessor-version":[{"id":210,"href":"http:\/\/vadaszturistacentrum.hu\/index.php?rest_route=\/wp\/v2\/pages\/34\/revisions\/210"}],"wp:attachment":[{"href":"http:\/\/vadaszturistacentrum.hu\/index.php?rest_route=%2Fwp%2Fv2%2Fmedia&parent=34"}],"curies":[{"name":"wp","href":"https:\/\/api.w.org\/{rel}","templated":true}]}}