{"id":43,"date":"2020-10-08T06:32:05","date_gmt":"2020-10-08T06:32:05","guid":{"rendered":"http:\/\/vadaszturistacentrum.hu\/?page_id=43"},"modified":"2023-07-09T13:45:46","modified_gmt":"2023-07-09T13:45:46","slug":"kirandulas","status":"publish","type":"page","link":"http:\/\/vadaszturistacentrum.hu\/?page_id=43","title":{"rendered":"Kir\u00e1ndul\u00e1s"},"content":{"rendered":"\n<p>A M\u00e1tra sz\u00e1mtalan nagyszer\u0171 \u00e9lm\u00e9nyt k\u00edn\u00e1l az idel\u00e1togat\u00f3 sz\u00e1m\u00e1ra: a t\u00far\u00e1z\u00f3k, a t\u00e9li sportok kedvel\u0151i, az erd\u0151 szerelmesei, kicsik \u00e9s nagyok egyar\u00e1nt megtal\u00e1lj\u00e1k a sz\u00e1mukra \u00e9rdekes programokat.<br>Kedvcsin\u00e1l\u00f3k\u00e9nt Vend\u00e9geinknek, csokorba gy\u0171jt\u00f6tt\u00fcnk n\u00e9h\u00e1ny oldalt, amelyek seg\u00edts\u00e9get ny\u00fajtanak a pihen\u00e9s akt\u00edv \u00e9s tartalmas elt\u00f6lt\u00e9s\u00e9hez M\u00e1traszentl\u00e1szl\u00f3n \u00e9s k\u00f6rny\u00e9k\u00e9n.<\/p>\n\n\n\n<div class=\"is-layout-flex wp-container-4 wp-block-columns\">\n<div class=\"is-layout-flow wp-block-column\">\n<figure class=\"wp-block-image size-full is-resized\"><img decoding=\"async\" loading=\"lazy\" src=\"http:\/\/vadaszturistacentrum.hu\/wp-content\/uploads\/2023\/07\/IMG20230707183920-1.jpg\" alt=\"\" class=\"wp-image-217\" width=\"255\" height=\"452\" srcset=\"http:\/\/vadaszturistacentrum.hu\/wp-content\/uploads\/2023\/07\/IMG20230707183920-1.jpg 578w, http:\/\/vadaszturistacentrum.hu\/wp-content\/uploads\/2023\/07\/IMG20230707183920-1-169x300.jpg 169w\" sizes=\"(max-width: 255px) 100vw, 255px\" \/><figcaption class=\"wp-element-caption\"><strong>V\u00f6r\u00f6s-k\u0151 kil\u00e1t\u00f3 r\u00f6vid s\u00e9t\u00e1val megk\u00f6zel\u00edthet\u0151, tiszta id\u0151ben a Magas T\u00e1tr\u00e1ig is ell\u00e1tni.<\/strong><\/figcaption><\/figure>\n<\/div>\n\n\n\n<div class=\"is-layout-flow wp-block-column\">\n<figure class=\"wp-block-image size-large\"><img decoding=\"async\" loading=\"lazy\" width=\"1024\" height=\"640\" src=\"http:\/\/vadaszturistacentrum.hu\/wp-content\/uploads\/2023\/07\/793794_10151289934845679_225393266_o-1024x640.jpg\" alt=\"\" class=\"wp-image-219\" srcset=\"http:\/\/vadaszturistacentrum.hu\/wp-content\/uploads\/2023\/07\/793794_10151289934845679_225393266_o-1024x640.jpg 1024w, http:\/\/vadaszturistacentrum.hu\/wp-content\/uploads\/2023\/07\/793794_10151289934845679_225393266_o-300x188.jpg 300w, http:\/\/vadaszturistacentrum.hu\/wp-content\/uploads\/2023\/07\/793794_10151289934845679_225393266_o-768x480.jpg 768w, http:\/\/vadaszturistacentrum.hu\/wp-content\/uploads\/2023\/07\/793794_10151289934845679_225393266_o.jpg 1280w\" sizes=\"(max-width: 1024px) 100vw, 1024px\" \/><figcaption class=\"wp-element-caption\">S\u00edpark &#8211; M\u00e1traszentistv\u00e1n<br>A M\u00e1tra sz\u00edv\u00e9ben tal\u00e1lhat\u00f3&nbsp;<em>M\u00e1traszentistv\u00e1ni S\u00edparkban<\/em>&nbsp;a l\u00e1togat\u00f3k 10 p\u00e1ly\u00e1n, k\u00f6zel 4 kilom\u00e9teren, 9 hekt\u00e1ros ter\u00fcleten \u00e9lvezhetik a s\u00edel\u00e9st.<br><a rel=\"noreferrer noopener\" href=\"https:\/\/www.sipark.hu\/\" target=\"_blank\">https:\/\/www.sipark.hu\/<\/a><br><\/figcaption><\/figure>\n\n\n\n<p><\/p>\n\n\n\n<p><\/p>\n<\/div>\n\n\n\n<div class=\"is-layout-flow wp-block-column\">\n<figure class=\"wp-block-image size-full\"><img decoding=\"async\" loading=\"lazy\" width=\"700\" height=\"465\" src=\"http:\/\/vadaszturistacentrum.hu\/wp-content\/uploads\/2023\/07\/P1060965.jpg\" alt=\"\" class=\"wp-image-224\" srcset=\"http:\/\/vadaszturistacentrum.hu\/wp-content\/uploads\/2023\/07\/P1060965.jpg 700w, http:\/\/vadaszturistacentrum.hu\/wp-content\/uploads\/2023\/07\/P1060965-300x199.jpg 300w\" sizes=\"(max-width: 700px) 100vw, 700px\" \/><figcaption class=\"wp-element-caption\">Oxygen Adrenalin Park<br>M\u00e1traf\u00fcred, \u00e9s M\u00e1trah\u00e1za k\u00f6z\u00f6tt a s\u00e1st\u00f3i k\u0151b\u00e1ny\u00e1ban, az orsz\u00e1g legmagasabban fekv\u0151 kalandparkj\u00e1ban nemcsak az adrenalint termel\u0151 \u00e9lm\u00e9nyelemekt\u0151l \u00e1ll el a l\u00e9legzet\u00fcnk, hanem az el\u00e9nk t\u00e1rul\u00f3 panor\u00e1m\u00e1t\u00f3l is. Der\u0171s id\u0151ben K\u00e9kestet\u0151t\u0151l az Alf\u00f6ldig ell\u00e1thatunk.<br>Innen indul a M\u00e1tra leg\u00fajabb attrakci\u00f3ja, a Kalandparkot \u00e9s S\u00e1st\u00f3t \u00f6sszek\u00f6t\u0151 libeg\u0151. &nbsp;62 sz\u00e9ken, 124 szem\u00e9ly teheti meg a h\u00e9t perces menetid\u0151t!<br><a href=\"https:\/\/adrenalin-park.hu\/\" target=\"_blank\" rel=\"noreferrer noopener\">https:\/\/adrenalin-park.hu\/<\/a><\/figcaption><\/figure>\n<\/div>\n<\/div>\n\n\n\n<div class=\"is-layout-flex wp-container-8 wp-block-columns\">\n<div class=\"is-layout-flow wp-block-column\">\n<figure class=\"wp-block-image size-large\"><img decoding=\"async\" loading=\"lazy\" width=\"1024\" height=\"484\" src=\"http:\/\/vadaszturistacentrum.hu\/wp-content\/uploads\/2023\/07\/matrafured-sasto-matra-kilato-csonak-horgasz-kirandulas4-csodalatosmagyarorszag-1024x484.jpg\" alt=\"\" class=\"wp-image-227\" srcset=\"http:\/\/vadaszturistacentrum.hu\/wp-content\/uploads\/2023\/07\/matrafured-sasto-matra-kilato-csonak-horgasz-kirandulas4-csodalatosmagyarorszag-1024x484.jpg 1024w, http:\/\/vadaszturistacentrum.hu\/wp-content\/uploads\/2023\/07\/matrafured-sasto-matra-kilato-csonak-horgasz-kirandulas4-csodalatosmagyarorszag-300x142.jpg 300w, http:\/\/vadaszturistacentrum.hu\/wp-content\/uploads\/2023\/07\/matrafured-sasto-matra-kilato-csonak-horgasz-kirandulas4-csodalatosmagyarorszag-768x363.jpg 768w, http:\/\/vadaszturistacentrum.hu\/wp-content\/uploads\/2023\/07\/matrafured-sasto-matra-kilato-csonak-horgasz-kirandulas4-csodalatosmagyarorszag-1536x726.jpg 1536w, http:\/\/vadaszturistacentrum.hu\/wp-content\/uploads\/2023\/07\/matrafured-sasto-matra-kilato-csonak-horgasz-kirandulas4-csodalatosmagyarorszag.jpg 1904w\" sizes=\"(max-width: 1024px) 100vw, 1024px\" \/><figcaption class=\"wp-element-caption\">S\u00e1st\u00f3-kil\u00e1t\u00f3<br>A&nbsp;<em>S\u00e1st\u00f3<\/em>&nbsp;Magyarorsz\u00e1g legmagasabban fekv\u0151 tava a M\u00e1tra hegys\u00e9gben, Gy\u00f6ngy\u00f6s k\u00fclter\u00fclet\u00e9n. Kiv\u00e1l\u00f3 cs\u00f3nak\u00e1z\u00f3- \u00e9s horg\u00e1szhely. 50 m\u00e9ter magas kil\u00e1t\u00f3val.<\/figcaption><\/figure>\n<\/div>\n\n\n\n<div class=\"is-layout-flow wp-block-column\">\n<figure class=\"wp-block-image size-full\"><img decoding=\"async\" loading=\"lazy\" width=\"640\" height=\"480\" src=\"http:\/\/vadaszturistacentrum.hu\/wp-content\/uploads\/2023\/07\/133_205_dff3ba01_.jpg\" alt=\"\" class=\"wp-image-230\" srcset=\"http:\/\/vadaszturistacentrum.hu\/wp-content\/uploads\/2023\/07\/133_205_dff3ba01_.jpg 640w, http:\/\/vadaszturistacentrum.hu\/wp-content\/uploads\/2023\/07\/133_205_dff3ba01_-300x225.jpg 300w\" sizes=\"(max-width: 640px) 100vw, 640px\" \/><figcaption class=\"wp-element-caption\">\u00c1gasv\u00e1r-turistah\u00e1z<br>Az\u00a0<strong>\u00c1gasv\u00e1ri Turistah\u00e1z<\/strong>\u00a0a M\u00e1tra nyugati perem\u00e9n, P\u00e1szt\u00f3t\u00f3l t\u00edz kilom\u00e9terre\u00a0keletre, M\u00e1trakeresztes \u00e9s M\u00e1traszentistv\u00e1n k\u00f6z\u00f6tt nagyj\u00e1b\u00f3l f\u00e9l\u00faton helyezkedik el. A 21-es \u00fatr\u00f3l P\u00e1szt\u00f3t el\u00e9rve m\u00e1r t\u00e1volr\u00f3l felt\u0171nik \u00c1gasv\u00e1r jellegzetes hegyes k\u00fapja. A h\u00e1zat aut\u00f3val teljesen megk\u00f6zel\u00edteni nem lehet, az utols\u00f3 n\u00e9h\u00e1ny kilom\u00e9tert kiz\u00e1r\u00f3lag gyalogosan lehet megtenni.<\/figcaption><\/figure>\n<\/div>\n\n\n\n<div class=\"is-layout-flow wp-block-column\"><\/div>\n<\/div>\n","protected":false},"excerpt":{"rendered":"<p>A M\u00e1tra sz\u00e1mtalan nagyszer\u0171 \u00e9lm\u00e9nyt k\u00edn\u00e1l az idel\u00e1togat\u00f3 sz\u00e1m\u00e1ra: a t\u00far\u00e1z\u00f3k, a t\u00e9li sportok kedvel\u0151i, az erd\u0151 szerelmesei, kicsik \u00e9s nagyok egyar\u00e1nt megtal\u00e1lj\u00e1k a sz\u00e1mukra \u00e9rdekes programokat.Kedvcsin\u00e1l\u00f3k\u00e9nt Vend\u00e9geinknek, csokorba gy\u0171jt\u00f6tt\u00fcnk n\u00e9h\u00e1ny oldalt, amelyek seg\u00edts\u00e9get ny\u00fajtanak a pihen\u00e9s akt\u00edv \u00e9s tartalmas elt\u00f6lt\u00e9s\u00e9hez M\u00e1traszentl\u00e1szl\u00f3n \u00e9s k\u00f6rny\u00e9k\u00e9n.<\/p>\n","protected":false},"author":1,"featured_media":0,"parent":0,"menu_order":0,"comment_status":"closed","ping_status":"closed","template":"","meta":[],"_links":{"self":[{"href":"http:\/\/vadaszturistacentrum.hu\/index.php?rest_route=\/wp\/v2\/pages\/43"}],"collection":[{"href":"http:\/\/vadaszturistacentrum.hu\/index.php?rest_route=\/wp\/v2\/pages"}],"about":[{"href":"http:\/\/vadaszturistacentrum.hu\/index.php?rest_route=\/wp\/v2\/types\/page"}],"author":[{"embeddable":true,"href":"http:\/\/vadaszturistacentrum.hu\/index.php?rest_route=\/wp\/v2\/users\/1"}],"replies":[{"embeddable":true,"href":"http:\/\/vadaszturistacentrum.hu\/index.php?rest_route=%2Fwp%2Fv2%2Fcomments&post=43"}],"version-history":[{"count":8,"href":"http:\/\/vadaszturistacentrum.hu\/index.php?rest_route=\/wp\/v2\/pages\/43\/revisions"}],"predecessor-version":[{"id":231,"href":"http:\/\/vadaszturistacentrum.hu\/index.php?rest_route=\/wp\/v2\/pages\/43\/revisions\/231"}],"wp:attachment":[{"href":"http:\/\/vadaszturistacentrum.hu\/index.php?rest_route=%2Fwp%2Fv2%2Fmedia&parent=43"}],"curies":[{"name":"wp","href":"https:\/\/api.w.org\/{rel}","templated":true}]}}