{"id":50,"date":"2020-10-08T10:32:41","date_gmt":"2020-10-08T10:32:41","guid":{"rendered":"http:\/\/vadaszturistacentrum.hu\/?page_id=50"},"modified":"2023-01-02T14:31:47","modified_gmt":"2023-01-02T14:31:47","slug":"udvozoljuk","status":"publish","type":"page","link":"http:\/\/vadaszturistacentrum.hu\/","title":{"rendered":"\u00dcdv\u00f6z\u00f6lj\u00fck"},"content":{"rendered":"\n<p>K\u00f6sz\u00f6nt\u00fcnk a Fels\u0151-M\u00e1tra egyik fest\u0151ien sz\u00e9p telep\u00fcl\u00e9s\u00e9n, M\u00e1traszentl\u00e1szl\u00f3n, ahol nyugodt k\u00f6rnyezet, tiszta leveg\u0151 \u00e9s kedves vend\u00e9g- szeretet fogad.<br>Ha egy id\u0151re elszakadn\u00e1l a v\u00e1rosi zsivajt\u00f3l, koszt\u00f3l, t\u00f6megt\u0151l, \u00e9s kikapcsol\u00f3d\u00e1sra, csendre, b\u00e9kess\u00e9gre v\u00e1gysz, akkor szeretettel v\u00e1runk! Errefel\u00e9 akt\u00edv pihen\u00e9ssel t\u00f6ltheted a szabads\u00e1god, an\u00e9lk\u00fcl, hogy l\u00e9pten-nyomon emberekbe botlan\u00e1l. Itt lgfeljebb a hegyi patak csobog\u00e1s\u00e1t \u00e9s mad\u00e1rcsicserg\u00e9s hangj\u00e1t hallhatod hajnalt\u00f3l k\u00e9s\u0151 estig. S\u00f6t\u00e9ted\u00e9s ut\u00e1n pedig baglyok huhog\u00e1sa \u00e9s a s\u00fcndiszn\u00f3k szuszog\u00e1sa eg\u00e9sz\u00edti ki a feny\u0151erd\u0151k z\u00fag\u00e1s\u00e1t. \u00c9s ha nem restellsz kor\u00e1n kelni, tal\u00e1lkozhatsz a kert\u00fcnkbe kora reggel bet\u00e9r\u0151 \u0151zekkel is.<br>Ebben az idilli hegyvid\u00e9ki k\u00f6rnyezetben, a tengerszint felett 795 m\u00e9ter magass\u00e1gban tal\u00e1lhat\u00f3 apartmanh\u00e1zunk, a Vad\u00e1sz Turista Centrum. Apartmanjainkban bar\u00e1ts\u00e1gos kiszolg\u00e1l\u00e1s mellett sz\u00ednvonalas, kit\u0171n\u0151 sz\u00e1ll\u00e1shelyet biztos\u00edtunkVad\u00e1sz Turista Centrum<br> &#8211; kisgyermekes csal\u00e1dok<br>  &#8211; bar\u00e1ti t\u00e1rsas\u00e1gok<br> &#8211; oszt\u00e1lykir\u00e1ndul\u00e1sok<br> &#8211; erdei iskol\u00e1k<br> &#8211; \u00e9letm\u00f3d t\u00e1borok<br> &#8211; c\u00e9ges csoportok<br>r\u00e9sz\u00e9re.<br>Hozd magaddal kistest\u0171 h\u00e1zikedvencedet is. Kutyusok sz\u00e1m\u00e1ra is \u00f3ri\u00e1si \u00e9lvezetet jelent, ha a gazdival egy\u00fctt vehet r\u00e9szt a nagy k\u00f6z\u00f6s hegyi zs\u00e1km\u00e1nyszerz\u0151 t\u00far\u00e1n.<\/p>\n\n\n\n<p><\/p>\n\n\n\n<p><\/p>\n","protected":false},"excerpt":{"rendered":"<p>K\u00f6sz\u00f6nt\u00fcnk a Fels\u0151-M\u00e1tra egyik fest\u0151ien sz\u00e9p telep\u00fcl\u00e9s\u00e9n, M\u00e1traszentl\u00e1szl\u00f3n, ahol nyugodt k\u00f6rnyezet, tiszta leveg\u0151 \u00e9s kedves vend\u00e9g- szeretet fogad.Ha egy id\u0151re elszakadn\u00e1l a v\u00e1rosi zsivajt\u00f3l, koszt\u00f3l, t\u00f6megt\u0151l, \u00e9s kikapcsol\u00f3d\u00e1sra, csendre, b\u00e9kess\u00e9gre v\u00e1gysz, akkor szeretettel v\u00e1runk! Errefel\u00e9 akt\u00edv pihen\u00e9ssel t\u00f6ltheted a szabads\u00e1god, an\u00e9lk\u00fcl, hogy l\u00e9pten-nyomon emberekbe botlan\u00e1l. Itt lgfeljebb a hegyi patak csobog\u00e1s\u00e1t \u00e9s mad\u00e1rcsicserg\u00e9s hangj\u00e1t hallhatod [&hellip;]<\/p>\n","protected":false},"author":1,"featured_media":0,"parent":0,"menu_order":0,"comment_status":"closed","ping_status":"closed","template":"","meta":[],"_links":{"self":[{"href":"http:\/\/vadaszturistacentrum.hu\/index.php?rest_route=\/wp\/v2\/pages\/50"}],"collection":[{"href":"http:\/\/vadaszturistacentrum.hu\/index.php?rest_route=\/wp\/v2\/pages"}],"about":[{"href":"http:\/\/vadaszturistacentrum.hu\/index.php?rest_route=\/wp\/v2\/types\/page"}],"author":[{"embeddable":true,"href":"http:\/\/vadaszturistacentrum.hu\/index.php?rest_route=\/wp\/v2\/users\/1"}],"replies":[{"embeddable":true,"href":"http:\/\/vadaszturistacentrum.hu\/index.php?rest_route=%2Fwp%2Fv2%2Fcomments&post=50"}],"version-history":[{"count":8,"href":"http:\/\/vadaszturistacentrum.hu\/index.php?rest_route=\/wp\/v2\/pages\/50\/revisions"}],"predecessor-version":[{"id":174,"href":"http:\/\/vadaszturistacentrum.hu\/index.php?rest_route=\/wp\/v2\/pages\/50\/revisions\/174"}],"wp:attachment":[{"href":"http:\/\/vadaszturistacentrum.hu\/index.php?rest_route=%2Fwp%2Fv2%2Fmedia&parent=50"}],"curies":[{"name":"wp","href":"https:\/\/api.w.org\/{rel}","templated":true}]}}