{"id":53,"date":"2020-10-08T20:07:47","date_gmt":"2020-10-08T20:07:47","guid":{"rendered":"http:\/\/vadaszturistacentrum.hu\/?page_id=53"},"modified":"2023-07-20T11:39:51","modified_gmt":"2023-07-20T11:39:51","slug":"etlap","status":"publish","type":"page","link":"http:\/\/vadaszturistacentrum.hu\/?page_id=53","title":{"rendered":"\u00c9tlapunk"},"content":{"rendered":"\n<p class=\"has-text-align-center\">Kedves vend\u00e9geink, t\u00e1j\u00e9koztatjuk \u00d6n\u00f6ket, hogy az egyes \u00e9teleinkben tal\u00e1lhat\u00f3 allerg\u00e9nek az \u00e9tel m\u00f6g\u00f6tt tal\u00e1lhat\u00f3 z\u00e1r\u00f3jelben l\u00e9v\u0151 sz\u00e1mokkal vannak felt\u00fcntetve.<\/p>\n\n\n\n<figure class=\"wp-block-image size-large\"><img decoding=\"async\" loading=\"lazy\" width=\"1024\" height=\"491\" src=\"http:\/\/vadaszturistacentrum.hu\/wp-content\/uploads\/2023\/07\/IMG20230707151401-1-1024x491.jpg\" alt=\"\" class=\"wp-image-214\" srcset=\"http:\/\/vadaszturistacentrum.hu\/wp-content\/uploads\/2023\/07\/IMG20230707151401-1-1024x491.jpg 1024w, http:\/\/vadaszturistacentrum.hu\/wp-content\/uploads\/2023\/07\/IMG20230707151401-1-300x144.jpg 300w, http:\/\/vadaszturistacentrum.hu\/wp-content\/uploads\/2023\/07\/IMG20230707151401-1-768x368.jpg 768w, http:\/\/vadaszturistacentrum.hu\/wp-content\/uploads\/2023\/07\/IMG20230707151401-1-1536x736.jpg 1536w, http:\/\/vadaszturistacentrum.hu\/wp-content\/uploads\/2023\/07\/IMG20230707151401-1-2048x982.jpg 2048w\" sizes=\"(max-width: 1024px) 100vw, 1024px\" \/><\/figure>\n\n\n\n<div style=\"height:100px\" aria-hidden=\"true\" class=\"wp-block-spacer\"><\/div>\n\n\n\n<h3>Levesek<\/h3>\n\n\n\n<p>Falusi ty\u00fakh\u00fasleves gazdagon, csigat\u00e9szt\u00e1val (1, 3, 9)<\/p>\n\n\n\n<p>Leg\u00e9nyfog\u00f3 leves (7, 9)<\/p>\n\n\n\n<p>Varg\u00e1nya kr\u00e9mleves (1, 7)<\/p>\n\n\n\n<p>Gy\u00fcm\u00f6lcskr\u00e9m leves hidegen (1, 7)<\/p>\n\n\n\n<div style=\"height:100px\" aria-hidden=\"true\" class=\"wp-block-spacer\"><\/div>\n\n\n\n<h3>Meleg el\u0151\u00e9telek<\/h3>\n\n\n\n<p>Szez\u00e1mmagos camembert p\u00e1rolt rizzsel, \u00e1fonya dzsemmel (1, 3, 7, 11)<\/p>\n\n\n\n<p>Juht\u00far\u00f3val t\u00f6lt\u00f6tt gombafejek r\u00e1ntva, rizzsel (1, 3, 7)<\/p>\n\n\n\n<p>\u00c1gasv\u00e1ri (vadp\u00f6rk\u00f6lttel) t\u00f6lt\u00f6tt palacsinta, \u00e1fonya\u00f6ntettel (1, 3, 7)<\/p>\n\n\n\n<div style=\"height:100px\" aria-hidden=\"true\" class=\"wp-block-spacer\"><\/div>\n\n\n\n<h3>K\u00e9sz\u00e9telek<\/h3>\n\n\n\n<p>Cs\u00f6rg\u0151v\u00f6lgyi p\u00e1rolt szarvascomb, barnam\u00e1rt\u00e1ssal, varg\u00e1ny\u00e1val, hercegn\u0151 burgony\u00e1val (1, 7)<\/p>\n\n\n\n<p>V\u00f6r\u00f6sboros vadp\u00f6rk\u00f6lt, juht\u00far\u00f3s sztrapacsk\u00e1val (1, 7)<\/p>\n\n\n\n<p>Vadas marhapecsenye burgonyapog\u00e1cs\u00e1val (1, 7, 9, 10)<\/p>\n\n\n\n<div style=\"height:100px\" aria-hidden=\"true\" class=\"wp-block-spacer\"><\/div>\n\n\n\n<h3>Hal\u00e9telek<\/h3>\n\n\n\n<p>Pisztr\u00e1ng s\u00fctve, p\u00e1rolt rizzsel (1)<\/p>\n\n\n\n<p>Fogasfil\u00e9 r\u00e1ntva, rizzsel (1, 4, 7)<\/p>\n\n\n\n<p>R\u00e1ntott b\u00e9kacomb rizzsel (1, 3, 4)<\/p>\n\n\n\n<div style=\"height:100px\" aria-hidden=\"true\" class=\"wp-block-spacer\"><\/div>\n\n\n\n<h3>Frissens\u00fcltek<\/h3>\n\n\n\n<p>R\u00e1ntott sert\u00e9sszelet, has\u00e1bburgony\u00e1val (1, 3)<\/p>\n\n\n\n<p>R\u00e1ntott csirkemell, rizzsel (1, 3)<\/p>\n\n\n\n<p>Sajttal, sonk\u00e1val t\u00f6lt\u00f6tt karajszelet, rizzsel (1, 3, 7)<\/p>\n\n\n\n<p>Aszalt szilv\u00e1val t\u00f6lt\u00f6tt j\u00e9rcemell, rizzsel (1, 3, 7)<\/p>\n\n\n\n<p>Ani kedvence \/ pecsenye libam\u00e1jjal, f\u00fcst\u00f6lt sajttal t\u00f6lt\u00f6tt csirkemell, has\u00e1bburgony\u00e1val ( )<\/p>\n\n\n\n<p>Vad\u00e1sz kedvence \/ rozmaringos varg\u00e1ny\u00e1s omlettel t\u00f6lt\u00f6tt sert\u00e9sborda r\u00e1ntva, has\u00e1bburgony\u00e1val ( )<\/p>\n\n\n\n<p>Vad\u00e1sz t\u00e1l 2 szem\u00e9lyre \/ nat\u00far csirkemell, r\u00e1ntott szelet sonk\u00e1val t\u00f6lt\u00f6tt borda, r\u00e1ntott sajt, r\u00e1ntott gomba, vegyes k\u00f6rettel, savany\u00fas\u00e1ggal (1, 3, 7, 10)<\/p>\n\n\n\n<div style=\"height:100px\" aria-hidden=\"true\" class=\"wp-block-spacer\"><\/div>\n\n\n\n<h3>H\u00fasmentes \u00e9telek<\/h3>\n\n\n\n<p>R\u00e1ntott gombafejekk rizzsel, tart\u00e1rm\u00e1rt\u00e1ssal (1, 3, 7)<\/p>\n\n\n\n<p>R\u00e1ntott sajt has\u00e1bburgony\u00e1val, tart\u00e1rm\u00e1rt\u00e1ssal (1, 3, 7)<\/p>\n\n\n\n<p>Sztrapacska (1, 7) \/ Juht\u00far\u00f3s, teh\u00e9nt\u00far\u00f3s <\/p>\n\n\n\n<div style=\"height:100px\" aria-hidden=\"true\" class=\"wp-block-spacer\"><\/div>\n\n\n\n<h3>Gyermekmen\u00fc<\/h3>\n\n\n\n<p>H\u00fasleves csigat\u00e9szt\u00e1val (1, 3, 9)<\/p>\n\n\n\n<p>M\u00e1jgomb\u00f3cleves (1, 3, 9)<\/p>\n\n\n\n<p>Nagyhorg\u00e1sz kedvence \/ halrudacska has\u00e1bburgony\u00e1val (1, 3)<\/p>\n\n\n\n<p>Guffi kutya kedvence \/ s\u00fclt virsli has\u00e1bburgony\u00e1val, ketchuppal (1, 3)<\/p>\n\n\n\n<p>R\u00e1ntott szelet rizzsel (1, 3, 7)<\/p>\n\n\n\n<div style=\"height:100px\" aria-hidden=\"true\" class=\"wp-block-spacer\"><\/div>\n\n\n\n<h3>K\u00f6retek<\/h3>\n\n\n\n<p>Has\u00e1bburgonya<\/p>\n\n\n\n<p>P\u00e1rolt rizs<\/p>\n\n\n\n<p>Hercegn\u0151 burgonya (7)<\/p>\n\n\n\n<p>Krokett (1, 3)<\/p>\n\n\n\n<p>Petrezselymes burgonya<\/p>\n\n\n\n<p>Steak burgonya<\/p>\n\n\n\n<div style=\"height:100px\" aria-hidden=\"true\" class=\"wp-block-spacer\"><\/div>\n\n\n\n<h3>Sal\u00e1t\u00e1k<\/h3>\n\n\n\n<p>Uborka sal\u00e1ta<\/p>\n\n\n\n<p>K\u00e1poszta sal\u00e1ta<\/p>\n\n\n\n<p>Csemegeuborka (cukorral, \u00e9des\u00edt\u0151szerrel)<\/p>\n\n\n\n<p>Almapaprika (cukorral, \u00e9des\u00edt\u0151szerrel)<\/p>\n\n\n\n<div style=\"height:100px\" aria-hidden=\"true\" class=\"wp-block-spacer\"><\/div>\n\n\n\n<h3>M\u00e1rt\u00e1sok<\/h3>\n\n\n\n<p>Tart\u00e1rm\u00e1rt\u00e1s<\/p>\n\n\n\n<p>Ketchup<\/p>\n\n\n\n<p>Majon\u00e9z<\/p>\n\n\n\n<p>Must\u00e1r<\/p>\n\n\n\n<p>Tejf\u00f6l<\/p>\n\n\n\n<div style=\"height:100px\" aria-hidden=\"true\" class=\"wp-block-spacer\"><\/div>\n\n\n\n<h3>Desszertek<\/h3>\n\n\n\n<p>Vad\u00e1sz galuska (1, 3, 7)<\/p>\n\n\n\n<p>Gesztenyep\u00fcr\u00e9 tejsz\u00ednhabbal (7)<\/p>\n\n\n\n<p>Palacsinta (2db) \/ kaka\u00f3s, \u00edzes, feh\u00e9jas, t\u00far\u00f3s, mogyor\u00f3kr\u00e9mes. (1, 3, 7) <\/p>\n\n\n\n<div style=\"height:100px\" aria-hidden=\"true\" class=\"wp-block-spacer\"><\/div>\n\n\n\n<h4>Allerg\u00e9nek: <\/h4>\n\n\n\n<ol>\n<li> Gabonaf\u00e9l\u00e9k, amelyek glut\u00e9nt tartalmaznak.<\/li>\n\n\n\n<li> R\u00e1kf\u00e9l\u00e9k \u00e9s azokb\u00f3l k\u00e9sz\u00fclt term\u00e9kek.<\/li>\n\n\n\n<li> Toj\u00e1s \u00e9s abb\u00f3l k\u00e9sz\u00fclt term\u00e9kek.<\/li>\n\n\n\n<li> Halak \u00e9s abb\u00f3l k\u00e9sz\u00fclt term\u00e9kek.<\/li>\n\n\n\n<li> F\u00f6ldimogyor\u00f3 \u00e9s azokb\u00f3l k\u00e9sz\u00fclt term\u00e9kek.<\/li>\n\n\n\n<li> Sz\u00f3ja, sz\u00f3jabab \u00e9s azokb\u00f3l k\u00e9sz\u00fclt term\u00e9kek.<\/li>\n\n\n\n<li> Tej \u00e9s abb\u00f3l k\u00e9sz\u00fclt term\u00e9kek<\/li>\n\n\n\n<li> Di\u00f3f\u00e9l\u00e9k \u00e9s azokb\u00f3l k\u00e9sz\u00fclt term\u00e9kek.<\/li>\n\n\n\n<li> Zeller \u00e9s abb\u00f3l k\u00e9sz\u00fclt term\u00e9kek.<\/li>\n\n\n\n<li> Must\u00e1r \u00e9s abb\u00f3l k\u00e9sz\u00fclt term\u00e9kek.<\/li>\n\n\n\n<li> Szez\u00e1mmag \u00e9s abb\u00f3l k\u00e9sz\u00fclt term\u00e9kek.<\/li>\n\n\n\n<li> K\u00e9n-dioxid \u00e9s SO2-ben kifejezett szulfitok.<\/li>\n\n\n\n<li> Csillagf\u00fcrt \u00e9s abb\u00f3l k\u00e9sz\u00fclt term\u00e9kek.<\/li>\n\n\n\n<li> Puhatest\u0171ek \u00e9s azokb\u00f3l k\u00e9sz\u00fclt term\u00e9kek.<\/li>\n<\/ol>\n","protected":false},"excerpt":{"rendered":"<p>Kedves vend\u00e9geink, t\u00e1j\u00e9koztatjuk \u00d6n\u00f6ket, hogy az egyes \u00e9teleinkben tal\u00e1lhat\u00f3 allerg\u00e9nek az \u00e9tel m\u00f6g\u00f6tt tal\u00e1lhat\u00f3 z\u00e1r\u00f3jelben l\u00e9v\u0151 sz\u00e1mokkal vannak felt\u00fcntetve. Levesek Falusi ty\u00fakh\u00fasleves gazdagon, csigat\u00e9szt\u00e1val (1, 3, 9) Leg\u00e9nyfog\u00f3 leves (7, 9) Varg\u00e1nya kr\u00e9mleves (1, 7) Gy\u00fcm\u00f6lcskr\u00e9m leves hidegen (1, 7) Meleg el\u0151\u00e9telek Szez\u00e1mmagos camembert p\u00e1rolt rizzsel, \u00e1fonya dzsemmel (1, 3, 7, 11) Juht\u00far\u00f3val t\u00f6lt\u00f6tt gombafejek [&hellip;]<\/p>\n","protected":false},"author":1,"featured_media":91,"parent":0,"menu_order":0,"comment_status":"closed","ping_status":"closed","template":"","meta":[],"_links":{"self":[{"href":"http:\/\/vadaszturistacentrum.hu\/index.php?rest_route=\/wp\/v2\/pages\/53"}],"collection":[{"href":"http:\/\/vadaszturistacentrum.hu\/index.php?rest_route=\/wp\/v2\/pages"}],"about":[{"href":"http:\/\/vadaszturistacentrum.hu\/index.php?rest_route=\/wp\/v2\/types\/page"}],"author":[{"embeddable":true,"href":"http:\/\/vadaszturistacentrum.hu\/index.php?rest_route=\/wp\/v2\/users\/1"}],"replies":[{"embeddable":true,"href":"http:\/\/vadaszturistacentrum.hu\/index.php?rest_route=%2Fwp%2Fv2%2Fcomments&post=53"}],"version-history":[{"count":44,"href":"http:\/\/vadaszturistacentrum.hu\/index.php?rest_route=\/wp\/v2\/pages\/53\/revisions"}],"predecessor-version":[{"id":269,"href":"http:\/\/vadaszturistacentrum.hu\/index.php?rest_route=\/wp\/v2\/pages\/53\/revisions\/269"}],"wp:featuredmedia":[{"embeddable":true,"href":"http:\/\/vadaszturistacentrum.hu\/index.php?rest_route=\/wp\/v2\/media\/91"}],"wp:attachment":[{"href":"http:\/\/vadaszturistacentrum.hu\/index.php?rest_route=%2Fwp%2Fv2%2Fmedia&parent=53"}],"curies":[{"name":"wp","href":"https:\/\/api.w.org\/{rel}","templated":true}]}}